{"id":1729,"date":"2021-12-23T08:58:41","date_gmt":"2021-12-23T07:58:41","guid":{"rendered":"https:\/\/grandconference.themegoods.com\/v5\/?page_id=1729"},"modified":"2026-04-01T16:01:25","modified_gmt":"2026-04-01T14:01:25","slug":"schedule","status":"publish","type":"page","link":"https:\/\/aerotelecom.es\/ca\/schedule\/","title":{"rendered":"Horari"},"content":{"rendered":"\t\t<div data-elementor-type=\"wp-page\" data-elementor-id=\"1729\" class=\"elementor elementor-1729\" data-elementor-post-type=\"page\">\n\t\t\t\t\t\t<section class=\"elementor-section elementor-top-section elementor-element elementor-element-6bf911c elementor-section-stretched elementor-section-boxed elementor-section-height-default elementor-section-height-default\" data-id=\"6bf911c\" data-element_type=\"section\" data-e-type=\"section\" data-settings=\"{&quot;stretch_section&quot;:&quot;section-stretched&quot;,&quot;grandconference_ext_is_background_parallax&quot;:&quot;false&quot;,&quot;grandconference_ext_is_background_backdrop&quot;:&quot;false&quot;,&quot;grandconference_ext_is_background_on_scroll&quot;:&quot;false&quot;}\">\n\t\t\t\t\t\t<div class=\"elementor-container elementor-column-gap-default\">\n\t\t\t\t\t<div class=\"elementor-column elementor-col-100 elementor-top-column elementor-element elementor-element-0e2d8b8\" data-id=\"0e2d8b8\" data-element_type=\"column\" data-e-type=\"column\" data-settings=\"{&quot;grandconference_ext_link_sidemenu&quot;:&quot;false&quot;,&quot;grandconference_ext_link_fullmenu&quot;:&quot;false&quot;,&quot;grandconference_ext_link_closed_fullmenu&quot;:&quot;false&quot;,&quot;grandconference_ext_is_sticky&quot;:&quot;false&quot;,&quot;grandconference_ext_is_scrollme&quot;:&quot;false&quot;,&quot;grandconference_ext_is_smoove&quot;:&quot;false&quot;,&quot;grandconference_ext_is_parallax_mouse&quot;:&quot;false&quot;,&quot;grandconference_ext_is_infinite&quot;:&quot;false&quot;,&quot;grandconference_ext_is_fadeout_animation&quot;:&quot;false&quot;,&quot;grandconference_ext_mobile_static&quot;:&quot;false&quot;}\">\n\t\t\t<div class=\"elementor-widget-wrap elementor-element-populated\">\n\t\t\t\t\t\t<div class=\"elementor-element elementor-element-0ef78ed elementor-widget elementor-widget-heading\" data-id=\"0ef78ed\" data-element_type=\"widget\" data-e-type=\"widget\" data-settings=\"{&quot;grandconference_ext_link_sidemenu&quot;:&quot;false&quot;,&quot;grandconference_ext_link_fullmenu&quot;:&quot;false&quot;,&quot;grandconference_ext_link_closed_fullmenu&quot;:&quot;false&quot;,&quot;grandconference_ext_is_sticky&quot;:&quot;false&quot;,&quot;grandconference_ext_is_scrollme&quot;:&quot;false&quot;,&quot;grandconference_ext_is_parallax_mouse&quot;:&quot;false&quot;,&quot;grandconference_ext_is_infinite&quot;:&quot;false&quot;,&quot;grandconference_ext_is_fadeout_animation&quot;:&quot;false&quot;,&quot;grandconference_ext_mobile_static&quot;:&quot;false&quot;}\" data-widget_type=\"heading.default\">\n\t\t\t\t<div class=\"elementor-widget-container\">\n\t\t\t\t\t<h2 class=\"elementor-heading-title elementor-size-default\">Horari<\/h2>\t\t\t\t<\/div>\n\t\t\t\t<\/div>\n\t\t\t\t<div class=\"elementor-element elementor-element-e62447c elementor-widget elementor-widget-text-editor\" data-id=\"e62447c\" data-element_type=\"widget\" data-e-type=\"widget\" data-settings=\"{&quot;grandconference_ext_link_sidemenu&quot;:&quot;false&quot;,&quot;grandconference_ext_link_fullmenu&quot;:&quot;false&quot;,&quot;grandconference_ext_link_closed_fullmenu&quot;:&quot;false&quot;,&quot;grandconference_ext_is_sticky&quot;:&quot;false&quot;,&quot;grandconference_ext_is_scrollme&quot;:&quot;false&quot;,&quot;grandconference_ext_is_parallax_mouse&quot;:&quot;false&quot;,&quot;grandconference_ext_is_infinite&quot;:&quot;false&quot;,&quot;grandconference_ext_is_fadeout_animation&quot;:&quot;false&quot;,&quot;grandconference_ext_mobile_static&quot;:&quot;false&quot;}\" data-widget_type=\"text-editor.default\">\n\t\t\t\t<div class=\"elementor-widget-container\">\n\t\t\t\t\t\t\t\t\t<p>Activitats i planificaci\u00f3 general del dia.<\/p>\t\t\t\t\t\t\t\t<\/div>\n\t\t\t\t<\/div>\n\t\t\t\t<div class=\"elementor-element elementor-element-9f555e6 elementor-widget elementor-widget-grandconference-classic-session-sidebar\" data-id=\"9f555e6\" data-element_type=\"widget\" data-e-type=\"widget\" data-settings=\"{&quot;grandconference_ext_link_sidemenu&quot;:&quot;false&quot;,&quot;grandconference_ext_link_fullmenu&quot;:&quot;false&quot;,&quot;grandconference_ext_link_closed_fullmenu&quot;:&quot;false&quot;,&quot;grandconference_ext_is_sticky&quot;:&quot;false&quot;,&quot;grandconference_ext_is_scrollme&quot;:&quot;false&quot;,&quot;grandconference_ext_is_smoove&quot;:&quot;false&quot;,&quot;grandconference_ext_is_parallax_mouse&quot;:&quot;false&quot;,&quot;grandconference_ext_is_infinite&quot;:&quot;false&quot;,&quot;grandconference_ext_is_fadeout_animation&quot;:&quot;false&quot;,&quot;grandconference_ext_mobile_static&quot;:&quot;false&quot;}\" data-widget_type=\"grandconference-classic-session-sidebar.default\">\n\t\t\t\t<div class=\"elementor-widget-container\">\n\t\t\t\t\t<div class=\"session-sidebar-wrapper\" data-widget-id=\"9f555e6\" data-expand=\"\">\n<div  class=\"ppb_session_filterable_sidebar one withsmallpadding \" ><div class=\"standard_wrapper\"><div class=\"page_content_wrapper\"><div class=\"inner\"><div class=\"inner_wrapper\"><div class=\"sidebar_wrapper left_sidebar session-content\"><div class=\"sidebar\"><div class=\"content\"><a href=\"javascript:;\" class=\"themelink session_expand_all do_expand themeborder\" id=\"session_expand_9f555e6\" data-expand-title=\"Expand All\" data-collapse-title=\"Collapse All\">Expand All +<\/a><ul class=\"sidebar_widget\"><\/ul><\/div><\/div><\/div><div id=\"9f555e6\" class=\"sidebar_content left_sidebar\"><ul class=\"scheduleday_wrapper themeborder\"><li class=\"scheduleday_title\" style=\"\"><div class=\"scheduleday_title_icon\"><span class=\"ti-calendar\" style=\"\"><\/span><\/div><div class=\"scheduleday_title_content\"><h4 style=\"\">AEROTELECOM 2026<\/h4><\/div><br class=\"clear\"\/><\/li><li class=\"themeborder \"><div class=\"session_content_wrapper expandable\" data-expandid=\"excerpt_4007\"><div class=\"session_speaker_icon\"><span class=\"ti-timer\"><\/span><\/div><div class=\"session_content has_speaker_thumb\"><div class=\"session_start_time\">08:30&nbsp;-&nbsp;09:15<\/div><div class=\"session_title\"><h6>Recepci\u00f3 Empreses<\/h6><\/div><\/div><br class=\"clear\"\/><\/div><\/li><li class=\"themeborder \"><div class=\"session_content_wrapper expandable\" data-expandid=\"excerpt_4009\"><div class=\"session_speaker_icon\"><span class=\"ti-timer\"><\/span><\/div><div class=\"session_content has_speaker_thumb\"><div class=\"session_start_time\">09:30&nbsp;-&nbsp;10:15<\/div><div class=\"session_title\"><h6>Inauguraci\u00f3 Institucional<\/h6><\/div><\/div><br class=\"clear\"\/><\/div><\/li><li class=\"themeborder \"><div class=\"session_content_wrapper expandable\" data-expandid=\"excerpt_4013\"><div class=\"session_speaker_icon\"><span class=\"ti-timer\"><\/span><\/div><div class=\"session_content has_speaker_thumb\"><div class=\"session_start_time\">10:15&nbsp;-&nbsp;11:00<\/div><div class=\"session_title\"><h6>Esmorzar Empreses<\/h6><\/div><\/div><br class=\"clear\"\/><\/div><\/li><li class=\"themeborder \"><div class=\"session_content_wrapper expandable\" data-expandid=\"excerpt_4828\"><div class=\"session_speaker_icon\"><span class=\"ti-timer\"><\/span><\/div><div class=\"session_content has_speaker_thumb\"><div class=\"session_start_time\">10:15&nbsp;-&nbsp;12:15<\/div><div class=\"session_title\"><h6>Esmorzar Estudiants<\/h6><\/div><\/div><br class=\"clear\"\/><\/div><\/li><li class=\"themeborder \"><div class=\"session_content_wrapper expandable\" data-expandid=\"excerpt_4015\"><div class=\"session_speaker_icon\"><span class=\"ti-timer\"><\/span><\/div><div class=\"session_content has_speaker_thumb\"><div class=\"session_start_time\">11:00<\/div><div class=\"session_title\"><h6>Obertura dels estands als estudiants<\/h6><\/div><\/div><br class=\"clear\"\/><\/div><div id=\"excerpt_4015\" class=\"session_content_extend hide session_content_wrapper\"><div class=\"session_content has_speaker_thumb\"><div class=\"session_excerpt\">Als estands d'empreses, aquestes es donaran a con\u00e8ixer a tots els assistents. D'altra banda, els estudiants podran demanar informaci\u00f3, parlar amb els representants i resoldre dubtes.\r\nAquesta activitat serveix perqu\u00e8 els estudiants puguin saber m\u00e9s de les empreses de l'\u00e0mbit on estan estudiant.<\/div><\/div><br class=\"clear\"\/><\/div><\/li><li class=\"themeborder \"><div class=\"session_content_wrapper expandable\" data-expandid=\"excerpt_4017\"><div class=\"session_speaker_icon\"><span class=\"ti-timer\"><\/span><\/div><div class=\"session_content has_speaker_thumb\"><div class=\"session_start_time\">11:15&nbsp;-&nbsp;12:15<\/div><div class=\"session_title\"><h6>Taula rodona d'antics alumnes de l'EETAC<\/h6><\/div><\/div><br class=\"clear\"\/><\/div><\/li><li class=\"themeborder \"><div class=\"session_content_wrapper expandable\" data-expandid=\"excerpt_4830\"><div class=\"session_speaker_icon\"><span class=\"ti-timer\"><\/span><\/div><div class=\"session_content has_speaker_thumb\"><div class=\"session_start_time\">13:30&nbsp;-&nbsp;15:00<\/div><div class=\"session_title\"><h6>Pausa per Dinar<\/h6><\/div><\/div><br class=\"clear\"\/><\/div><\/li><li class=\"themeborder \"><div class=\"session_content_wrapper expandable\" data-expandid=\"excerpt_4021\"><div class=\"session_speaker_icon\"><span class=\"ti-timer\"><\/span><\/div><div class=\"session_content has_speaker_thumb\"><div class=\"session_start_time\">15:00<\/div><div class=\"session_title\"><h6>Obertura dels estands als estudiants<\/h6><\/div><\/div><br class=\"clear\"\/><\/div><div id=\"excerpt_4021\" class=\"session_content_extend hide session_content_wrapper\"><div class=\"session_content has_speaker_thumb\"><div class=\"session_excerpt\">Als estands d'empreses, aquestes es donaran a con\u00e8ixer a tots els assistents. D'altra banda, els estudiants podran demanar informaci\u00f3, parlar amb els representants i resoldre dubtes.<\/div><\/div><br class=\"clear\"\/><\/div><\/li><li class=\"themeborder \"><div class=\"session_content_wrapper expandable\" data-expandid=\"excerpt_4023\"><div class=\"session_speaker_icon\"><span class=\"ti-timer\"><\/span><\/div><div class=\"session_content has_speaker_thumb\"><div class=\"session_start_time\">15:00&nbsp;-&nbsp;17:00<\/div><div class=\"session_title\"><h6>Speed Recruitment<\/h6><\/div><\/div><br class=\"clear\"\/><\/div><div id=\"excerpt_4023\" class=\"session_content_extend hide session_content_wrapper\"><div class=\"session_content has_speaker_thumb\"><div class=\"session_excerpt\">Aquest esdeveniment us ofereix una oportunitat \u00fanica per connectar-vos amb diverses empreses i presentar les vostres habilitats i experi\u00e8ncia en entrevistes r\u00e0pides i din\u00e0miques.\r\nEt preocupa que no tinguis prou temps per demostrar tot all\u00f2 que pots oferir? No et preocupis! En nom\u00e9s un minut, podr\u00e0s presentar un elevator pitch que resumeixi els teus \u00e8xits, habilitats i objectius professionals.\r\nDespr\u00e9s de la presentaci\u00f3, tindr\u00e0s dos minuts per respondre preguntes i mostrar el que pots oferir a les empreses participants. Aprofita aquest temps per destacar les teves habilitats i fer que el teu perfil es destaqui!\r\nAquest esdeveniment \u00e9s la soluci\u00f3 perfecta per reduir el temps associat al proc\u00e9s de selecci\u00f3 i facilitar la cerca de talents adequats per a les empreses participants. A m\u00e9s, et brinda loportunitat de con\u00e8ixer a diverses empreses en un curt per\u00edode de temps i establir connexions valuoses amb ocupadors potencials.\r\nNo perdis l'oportunitat de participar a l'activitat de Speed \u200b\u200bRecruitment, una de les m\u00e9s valorades tant per les empreses com pels estudiants. Inscriu-te ara i prepara't per enlluernar els reclutadors amb les teves habilitats i experi\u00e8ncia!<\/div><div class=\"session_location themeborder\"><div class=\"session_location_label skin_color\">Where<\/div><div class=\"session_location_content\">Aules 026V, 132V, 133V, 134V<\/div><\/div><\/div><br class=\"clear\"\/><\/div><\/li><li class=\"themeborder \"><div class=\"session_content_wrapper expandable\" data-expandid=\"excerpt_4832\"><div class=\"session_speaker_icon\"><span class=\"ti-timer\"><\/span><\/div><div class=\"session_content has_speaker_thumb\"><div class=\"session_start_time\">17:00<\/div><div class=\"session_title\"><h6>Tancament dels estands de les empreses<\/h6><\/div><\/div><br class=\"clear\"\/><\/div><\/li><li class=\"themeborder \"><div class=\"session_content_wrapper expandable\" data-expandid=\"excerpt_4834\"><div class=\"session_speaker_icon\"><span class=\"ti-timer\"><\/span><\/div><div class=\"session_content has_speaker_thumb\"><div class=\"session_start_time\">17:00&nbsp;-&nbsp;18:00<\/div><div class=\"session_title\"><h6>Xerrada per a estudiants<\/h6><\/div><\/div><br class=\"clear\"\/><\/div><\/li><\/ul><\/div><\/div><\/div><\/div><\/div><\/div><\/div>\n<br class=\"clear\"\/>\t\t\t\t<\/div>\n\t\t\t\t<\/div>\n\t\t\t\t\t<\/div>\n\t\t<\/div>\n\t\t\t\t\t<\/div>\n\t\t<\/section>\n\t\t\t\t<\/div>\n\t\t","protected":false},"excerpt":{"rendered":"<p>Horari Activitats i planificaci\u00f3 general del dia. Expand All + AEROTELECOM 2025 08:30&nbsp;&#8211;&nbsp;09:15 Recepci\u00f3n Empresas 08:30&nbsp;&#8211;&nbsp;09:15 Recepci\u00f3n de empresas 09:30&nbsp;&#8211;&nbsp;10:15 Inauguraci\u00f3n institucional A cargo del Sr. Daniel Crespo, rector de la UPC, Sra. Cristina Cervell\u00f2, la directora de l\u2019EETAC, Sra. [&hellip;]<\/p>\n","protected":false},"author":1,"featured_media":0,"parent":0,"menu_order":9,"comment_status":"closed","ping_status":"closed","template":"","meta":{"inline_featured_image":false,"footnotes":""},"class_list":["post-1729","page","type-page","status-publish","hentry"],"_links":{"self":[{"href":"https:\/\/aerotelecom.es\/ca\/wp-json\/wp\/v2\/pages\/1729","targetHints":{"allow":["GET"]}}],"collection":[{"href":"https:\/\/aerotelecom.es\/ca\/wp-json\/wp\/v2\/pages"}],"about":[{"href":"https:\/\/aerotelecom.es\/ca\/wp-json\/wp\/v2\/types\/page"}],"author":[{"embeddable":true,"href":"https:\/\/aerotelecom.es\/ca\/wp-json\/wp\/v2\/users\/1"}],"replies":[{"embeddable":true,"href":"https:\/\/aerotelecom.es\/ca\/wp-json\/wp\/v2\/comments?post=1729"}],"version-history":[{"count":34,"href":"https:\/\/aerotelecom.es\/ca\/wp-json\/wp\/v2\/pages\/1729\/revisions"}],"predecessor-version":[{"id":4951,"href":"https:\/\/aerotelecom.es\/ca\/wp-json\/wp\/v2\/pages\/1729\/revisions\/4951"}],"wp:attachment":[{"href":"https:\/\/aerotelecom.es\/ca\/wp-json\/wp\/v2\/media?parent=1729"}],"curies":[{"name":"wp","href":"https:\/\/api.w.org\/{rel}","templated":true}]}}