{"id":1729,"date":"2021-12-23T08:58:41","date_gmt":"2021-12-23T07:58:41","guid":{"rendered":"https:\/\/grandconference.themegoods.com\/v5\/?page_id=1729"},"modified":"2026-04-01T16:01:25","modified_gmt":"2026-04-01T14:01:25","slug":"schedule","status":"publish","type":"page","link":"https:\/\/aerotelecom.es\/es\/schedule\/","title":{"rendered":"Horario"},"content":{"rendered":"<div data-elementor-type=\"wp-page\" data-elementor-id=\"1729\" class=\"elementor elementor-1729\" data-elementor-post-type=\"page\">\n\t\t\t\t\t\t<section class=\"elementor-section elementor-top-section elementor-element elementor-element-6bf911c elementor-section-stretched elementor-section-boxed elementor-section-height-default elementor-section-height-default\" data-id=\"6bf911c\" data-element_type=\"section\" data-e-type=\"section\" data-settings=\"{&quot;stretch_section&quot;:&quot;section-stretched&quot;,&quot;grandconference_ext_is_background_parallax&quot;:&quot;false&quot;,&quot;grandconference_ext_is_background_backdrop&quot;:&quot;false&quot;,&quot;grandconference_ext_is_background_on_scroll&quot;:&quot;false&quot;}\">\n\t\t\t\t\t\t<div class=\"elementor-container elementor-column-gap-default\">\n\t\t\t\t\t<div class=\"elementor-column elementor-col-100 elementor-top-column elementor-element elementor-element-0e2d8b8\" data-id=\"0e2d8b8\" data-element_type=\"column\" data-e-type=\"column\" data-settings=\"{&quot;grandconference_ext_link_sidemenu&quot;:&quot;false&quot;,&quot;grandconference_ext_link_fullmenu&quot;:&quot;false&quot;,&quot;grandconference_ext_link_closed_fullmenu&quot;:&quot;false&quot;,&quot;grandconference_ext_is_sticky&quot;:&quot;false&quot;,&quot;grandconference_ext_is_scrollme&quot;:&quot;false&quot;,&quot;grandconference_ext_is_smoove&quot;:&quot;false&quot;,&quot;grandconference_ext_is_parallax_mouse&quot;:&quot;false&quot;,&quot;grandconference_ext_is_infinite&quot;:&quot;false&quot;,&quot;grandconference_ext_is_fadeout_animation&quot;:&quot;false&quot;,&quot;grandconference_ext_mobile_static&quot;:&quot;false&quot;}\">\n\t\t\t<div class=\"elementor-widget-wrap elementor-element-populated\">\n\t\t\t\t\t\t<div class=\"elementor-element elementor-element-0ef78ed elementor-widget elementor-widget-heading\" data-id=\"0ef78ed\" data-element_type=\"widget\" data-e-type=\"widget\" data-settings=\"{&quot;grandconference_ext_link_sidemenu&quot;:&quot;false&quot;,&quot;grandconference_ext_link_fullmenu&quot;:&quot;false&quot;,&quot;grandconference_ext_link_closed_fullmenu&quot;:&quot;false&quot;,&quot;grandconference_ext_is_sticky&quot;:&quot;false&quot;,&quot;grandconference_ext_is_scrollme&quot;:&quot;false&quot;,&quot;grandconference_ext_is_parallax_mouse&quot;:&quot;false&quot;,&quot;grandconference_ext_is_infinite&quot;:&quot;false&quot;,&quot;grandconference_ext_is_fadeout_animation&quot;:&quot;false&quot;,&quot;grandconference_ext_mobile_static&quot;:&quot;false&quot;}\" data-widget_type=\"heading.default\">\n\t\t\t\t<div class=\"elementor-widget-container\">\n\t\t\t\t\t<h2 class=\"elementor-heading-title elementor-size-default\">Horario<\/h2>\t\t\t\t<\/div>\n\t\t\t\t<\/div>\n\t\t\t\t<div class=\"elementor-element elementor-element-e62447c elementor-widget elementor-widget-text-editor\" data-id=\"e62447c\" data-element_type=\"widget\" data-e-type=\"widget\" data-settings=\"{&quot;grandconference_ext_link_sidemenu&quot;:&quot;false&quot;,&quot;grandconference_ext_link_fullmenu&quot;:&quot;false&quot;,&quot;grandconference_ext_link_closed_fullmenu&quot;:&quot;false&quot;,&quot;grandconference_ext_is_sticky&quot;:&quot;false&quot;,&quot;grandconference_ext_is_scrollme&quot;:&quot;false&quot;,&quot;grandconference_ext_is_parallax_mouse&quot;:&quot;false&quot;,&quot;grandconference_ext_is_infinite&quot;:&quot;false&quot;,&quot;grandconference_ext_is_fadeout_animation&quot;:&quot;false&quot;,&quot;grandconference_ext_mobile_static&quot;:&quot;false&quot;}\" data-widget_type=\"text-editor.default\">\n\t\t\t\t<div class=\"elementor-widget-container\">\n\t\t\t\t\t\t\t\t\t<p>Actividades y planificaci\u00f3n general del dia.<\/p>\t\t\t\t\t\t\t\t<\/div>\n\t\t\t\t<\/div>\n\t\t\t\t<div class=\"elementor-element elementor-element-9f555e6 elementor-widget elementor-widget-grandconference-classic-session-sidebar\" data-id=\"9f555e6\" data-element_type=\"widget\" data-e-type=\"widget\" data-settings=\"{&quot;grandconference_ext_link_sidemenu&quot;:&quot;false&quot;,&quot;grandconference_ext_link_fullmenu&quot;:&quot;false&quot;,&quot;grandconference_ext_link_closed_fullmenu&quot;:&quot;false&quot;,&quot;grandconference_ext_is_sticky&quot;:&quot;false&quot;,&quot;grandconference_ext_is_scrollme&quot;:&quot;false&quot;,&quot;grandconference_ext_is_smoove&quot;:&quot;false&quot;,&quot;grandconference_ext_is_parallax_mouse&quot;:&quot;false&quot;,&quot;grandconference_ext_is_infinite&quot;:&quot;false&quot;,&quot;grandconference_ext_is_fadeout_animation&quot;:&quot;false&quot;,&quot;grandconference_ext_mobile_static&quot;:&quot;false&quot;}\" data-widget_type=\"grandconference-classic-session-sidebar.default\">\n\t\t\t\t<div class=\"elementor-widget-container\">\n\t\t\t\t\t<div class=\"session-sidebar-wrapper\" data-widget-id=\"9f555e6\" data-expand=\"\">\n<div  class=\"ppb_session_filterable_sidebar one withsmallpadding\" ><div class=\"standard_wrapper\"><div class=\"page_content_wrapper\"><div class=\"inner\"><div class=\"inner_wrapper\"><div class=\"sidebar_wrapper left_sidebar session-content\"><div class=\"sidebar\"><div class=\"content\"><a href=\"javascript:;\" class=\"themelink session_expand_all do_expand themeborder\" id=\"session_expand_9f555e6\" data-expand-title=\"Expand All\" data-collapse-title=\"Collapse All\">Expand All +<\/a><ul class=\"sidebar_widget\"><\/ul><\/div><\/div><\/div><div id=\"9f555e6\" class=\"sidebar_content left_sidebar\"><ul class=\"scheduleday_wrapper themeborder\"><li class=\"scheduleday_title\" style=\"\"><div class=\"scheduleday_title_icon\"><span class=\"ti-calendar\" style=\"\"><\/span><\/div><div class=\"scheduleday_title_content\"><h4 style=\"\">AEROTELECOM 2026<\/h4><\/div><br class=\"clear\"\/><\/li><li class=\"themeborder\"><div class=\"session_content_wrapper expandable\" data-expandid=\"excerpt_4007\"><div class=\"session_speaker_icon\"><span class=\"ti-timer\"><\/span><\/div><div class=\"session_content has_speaker_thumb\"><div class=\"session_start_time\">08:30 - 09:15<\/div><div class=\"session_title\"><h6>Recepci\u00f3n Empresas<\/h6><\/div><\/div><br class=\"clear\"\/><\/div><\/li><li class=\"themeborder\"><div class=\"session_content_wrapper expandable\" data-expandid=\"excerpt_4009\"><div class=\"session_speaker_icon\"><span class=\"ti-timer\"><\/span><\/div><div class=\"session_content has_speaker_thumb\"><div class=\"session_start_time\">09:30 - 10:15<\/div><div class=\"session_title\"><h6>Inauguraci\u00f3n Institucional<\/h6><\/div><\/div><br class=\"clear\"\/><\/div><\/li><li class=\"themeborder\"><div class=\"session_content_wrapper expandable\" data-expandid=\"excerpt_4013\"><div class=\"session_speaker_icon\"><span class=\"ti-timer\"><\/span><\/div><div class=\"session_content has_speaker_thumb\"><div class=\"session_start_time\">10:15 - 11:00<\/div><div class=\"session_title\"><h6>Desayuno Empresas<\/h6><\/div><\/div><br class=\"clear\"\/><\/div><\/li><li class=\"themeborder\"><div class=\"session_content_wrapper expandable\" data-expandid=\"excerpt_4828\"><div class=\"session_speaker_icon\"><span class=\"ti-timer\"><\/span><\/div><div class=\"session_content has_speaker_thumb\"><div class=\"session_start_time\">10:15 - 12:15<\/div><div class=\"session_title\"><h6>Desayuno Estudiantes<\/h6><\/div><\/div><br class=\"clear\"\/><\/div><\/li><li class=\"themeborder\"><div class=\"session_content_wrapper expandable\" data-expandid=\"excerpt_4015\"><div class=\"session_speaker_icon\"><span class=\"ti-timer\"><\/span><\/div><div class=\"session_content has_speaker_thumb\"><div class=\"session_start_time\">11:00<\/div><div class=\"session_title\"><h6>Apertura de los stands a los estudiantes<\/h6><\/div><\/div><br class=\"clear\"\/><\/div><div id=\"excerpt_4015\" class=\"session_content_extend hide session_content_wrapper\"><div class=\"session_content has_speaker_thumb\"><div class=\"session_excerpt\">En los stands de empresas, \u00e9stas se dar\u00e1n a conocer a todos los asistentes. Por otra parte, los estudiantes podr\u00e1n pedir informaci\u00f3n, hablar con sus representantes y resolver dudas. Esta actividad sirve para que los estudiantes puedan saber m\u00e1s de las empresas del \u00e1mbito en el que est\u00e1n estudiando.<\/div><\/div><br class=\"clear\"\/><\/div><\/li><li class=\"themeborder\"><div class=\"session_content_wrapper expandable\" data-expandid=\"excerpt_4017\"><div class=\"session_speaker_icon\"><span class=\"ti-timer\"><\/span><\/div><div class=\"session_content has_speaker_thumb\"><div class=\"session_start_time\">11:15 - 12:15<\/div><div class=\"session_title\"><h6>Mesa redonda de antiguos alumnos de la EETAC<\/h6><\/div><\/div><br class=\"clear\"\/><\/div><\/li><li class=\"themeborder\"><div class=\"session_content_wrapper expandable\" data-expandid=\"excerpt_4830\"><div class=\"session_speaker_icon\"><span class=\"ti-timer\"><\/span><\/div><div class=\"session_content has_speaker_thumb\"><div class=\"session_start_time\">13:30 - 15:00<\/div><div class=\"session_title\"><h6>Pausa para Almuerzo<\/h6><\/div><\/div><br class=\"clear\"\/><\/div><\/li><li class=\"themeborder\"><div class=\"session_content_wrapper expandable\" data-expandid=\"excerpt_4021\"><div class=\"session_speaker_icon\"><span class=\"ti-timer\"><\/span><\/div><div class=\"session_content has_speaker_thumb\"><div class=\"session_start_time\">15:00<\/div><div class=\"session_title\"><h6>Apertura de los stands a los estudiantes<\/h6><\/div><\/div><br class=\"clear\"\/><\/div><div id=\"excerpt_4021\" class=\"session_content_extend hide session_content_wrapper\"><div class=\"session_content has_speaker_thumb\"><div class=\"session_excerpt\">En los stands de empresas, \u00e9stas se dar\u00e1n a conocer a todos los asistentes. Por otra parte, los estudiantes podr\u00e1n pedir informaci\u00f3n, hablar con sus representantes y resolver dudas.<\/div><\/div><br class=\"clear\"\/><\/div><\/li><li class=\"themeborder\"><div class=\"session_content_wrapper expandable\" data-expandid=\"excerpt_4023\"><div class=\"session_speaker_icon\"><span class=\"ti-timer\"><\/span><\/div><div class=\"session_content has_speaker_thumb\"><div class=\"session_start_time\">15:00 - 17:00<\/div><div class=\"session_title\"><h6>Speed Recruitment<\/h6><\/div><\/div><br class=\"clear\"\/><\/div><div id=\"excerpt_4023\" class=\"session_content_extend hide session_content_wrapper\"><div class=\"session_content has_speaker_thumb\"><div class=\"session_excerpt\">Este evento le ofrece una oportunidad \u00fanica para conectarse con varias empresas y presentar sus habilidades y experiencia en entrevistas r\u00e1pidas y din\u00e1micas. \u00bfTe preocupa que no tengas tiempo suficiente para demostrar todo lo que puedes ofrecer? \u00a1No te preocupes! En s\u00f3lo un minuto, podr\u00e1s presentar un elevator pitch que resuma tus logros, habilidades y objetivos profesionales. Despu\u00e9s de la presentaci\u00f3n, tendr\u00e1s dos minutos para responder a preguntas y mostrar lo que puedes ofrecer a las empresas participantes. \u00a1Aprovecha este tiempo para destacar tus habilidades y hacer que tu perfil se destaque! Este evento es la soluci\u00f3n perfecta para reducir el tiempo asociado al proceso de selecci\u00f3n y facilitar la b\u00fasqueda de talentos adecuados para las empresas participantes. Adem\u00e1s, te brinda la oportunidad de conocer a varias empresas en un corto per\u00edodo de tiempo y establecer conexiones valiosas con empleadores potenciales. No pierdas la oportunidad de participar en la actividad de Speed \u200b\u200bRecruitment, una de las m\u00e1s valoradas tanto por las empresas como por los estudiantes. \u00a1Inscr\u00edbete ahora y prep\u00e1rate para deslumbrar a los reclutadores con tus habilidades y experiencia!<\/div><div class=\"session_location themeborder\"><div class=\"session_location_label skin_color\">Where<\/div><div class=\"session_location_content\">Aulas 026V, 132V, 133V, 134V<\/div><\/div><\/div><br class=\"clear\"\/><\/div><\/li><li class=\"themeborder\"><div class=\"session_content_wrapper expandable\" data-expandid=\"excerpt_4832\"><div class=\"session_speaker_icon\"><span class=\"ti-timer\"><\/span><\/div><div class=\"session_content has_speaker_thumb\"><div class=\"session_start_time\">17:00<\/div><div class=\"session_title\"><h6>Cierre de los stands de las empresas<\/h6><\/div><\/div><br class=\"clear\"\/><\/div><\/li><li class=\"themeborder\"><div class=\"session_content_wrapper expandable\" data-expandid=\"excerpt_4834\"><div class=\"session_speaker_icon\"><span class=\"ti-timer\"><\/span><\/div><div class=\"session_content has_speaker_thumb\"><div class=\"session_start_time\">17:00 - 18:00<\/div><div class=\"session_title\"><h6>Charla para estudiantes<\/h6><\/div><\/div><br class=\"clear\"\/><\/div><\/li><\/ul><\/div><\/div><\/div><\/div><\/div><\/div><\/div>\n<br class=\"clear\"\/>\t\t\t\t<\/div>\n\t\t\t\t<\/div>\n\t\t\t\t\t<\/div>\n\t\t<\/div>\n\t\t\t\t\t<\/div>\n\t\t<\/section>\n\t\t\t\t<\/div>","protected":false},"excerpt":{"rendered":"<p>Horari Activitats i planificaci\u00f3 general del dia. Expand All + AEROTELECOM 2025 08:30&nbsp;&#8211;&nbsp;09:15 Recepci\u00f3n Empresas 08:30&nbsp;&#8211;&nbsp;09:15 Recepci\u00f3n de empresas 09:30&nbsp;&#8211;&nbsp;10:15 Inauguraci\u00f3n institucional A cargo del Sr. Daniel Crespo, rector de la UPC, Sra. Cristina Cervell\u00f2, la directora de l\u2019EETAC, Sra. [&hellip;]<\/p>\n","protected":false},"author":1,"featured_media":0,"parent":0,"menu_order":9,"comment_status":"closed","ping_status":"closed","template":"","meta":{"inline_featured_image":false,"footnotes":""},"class_list":["post-1729","page","type-page","status-publish","hentry"],"_links":{"self":[{"href":"https:\/\/aerotelecom.es\/es\/wp-json\/wp\/v2\/pages\/1729","targetHints":{"allow":["GET"]}}],"collection":[{"href":"https:\/\/aerotelecom.es\/es\/wp-json\/wp\/v2\/pages"}],"about":[{"href":"https:\/\/aerotelecom.es\/es\/wp-json\/wp\/v2\/types\/page"}],"author":[{"embeddable":true,"href":"https:\/\/aerotelecom.es\/es\/wp-json\/wp\/v2\/users\/1"}],"replies":[{"embeddable":true,"href":"https:\/\/aerotelecom.es\/es\/wp-json\/wp\/v2\/comments?post=1729"}],"version-history":[{"count":34,"href":"https:\/\/aerotelecom.es\/es\/wp-json\/wp\/v2\/pages\/1729\/revisions"}],"predecessor-version":[{"id":4951,"href":"https:\/\/aerotelecom.es\/es\/wp-json\/wp\/v2\/pages\/1729\/revisions\/4951"}],"wp:attachment":[{"href":"https:\/\/aerotelecom.es\/es\/wp-json\/wp\/v2\/media?parent=1729"}],"curies":[{"name":"wp","href":"https:\/\/api.w.org\/{rel}","templated":true}]}}